{"id":55,"date":"2018-01-17T07:10:46","date_gmt":"2018-01-17T07:10:46","guid":{"rendered":"http:\/\/elpuntual.com\/?page_id=55"},"modified":"2025-04-13T19:46:47","modified_gmt":"2025-04-13T19:46:47","slug":"nuestros-animales","status":"publish","type":"page","link":"https:\/\/elpuntual.com\/index.php\/nuestros-animales\/","title":{"rendered":"Nuestros Animales"},"content":{"rendered":"<p>[et_pb_section fb_built=\u00bb1&#8243; _builder_version=\u00bb4.16&#8243; background_color=\u00bb#d6d6d6&#8243; global_colors_info=\u00bb{}\u00bb][et_pb_row _builder_version=\u00bb4.16&#8243; background_size=\u00bbinitial\u00bb background_position=\u00bbtop_left\u00bb background_repeat=\u00bbrepeat\u00bb global_colors_info=\u00bb{}\u00bb][et_pb_column type=\u00bb4_4&#8243; _builder_version=\u00bb4.16&#8243; custom_padding=\u00bb|||\u00bb global_colors_info=\u00bb{}\u00bb custom_padding__hover=\u00bb|||\u00bb][et_pb_text _builder_version=\u00bb4.16&#8243; text_font=\u00bbHandlee|700|||||||\u00bb text_text_color=\u00bb#000000&#8243; text_font_size=\u00bb22px\u00bb text_font_size_tablet=\u00bb\u00bb text_font_size_phone=\u00bb\u00bb text_font_size_last_edited=\u00bbon|desktop\u00bb global_colors_info=\u00bb{}\u00bb]<\/p>\n<p style=\"text-align: center;\">NUESTROS ANIMALES<\/p>\n<p>En la misma finca tenemos una zona muy especial donde entraras en contacto con diversos animales tanto de granja como ex\u00f3ticos, podr\u00e1s dar de comer a cabras ,gallinas ,burros pero tamb\u00eden a guacamayos ,iguana&#8230;, podr\u00e1s tocar petauros del azucar,\u00a0 una tortuga, &#8230;. el limite lo pones tu.<\/p>\n<p>[\/et_pb_text][\/et_pb_column][\/et_pb_row][et_pb_row column_structure=\u00bb1_2,1_2&#8243; _builder_version=\u00bb4.16&#8243; background_size=\u00bbinitial\u00bb background_position=\u00bbtop_left\u00bb background_repeat=\u00bbrepeat\u00bb global_colors_info=\u00bb{}\u00bb][et_pb_column type=\u00bb1_2&#8243; _builder_version=\u00bb4.16&#8243; custom_padding=\u00bb|||\u00bb global_colors_info=\u00bb{}\u00bb custom_padding__hover=\u00bb|||\u00bb][et_pb_image src=\u00bbhttps:\/\/elpuntual.com\/wp-content\/uploads\/2022\/02\/1646083894767.webp\u00bb title_text=\u00bb1646083894767&#8243; url=\u00bbhttp:\/\/elpuntual.com\/index.php\/erizos\/\u00bb align=\u00bbcenter\u00bb align_tablet=\u00bbcenter\u00bb align_phone=\u00bb\u00bb align_last_edited=\u00bbon|desktop\u00bb admin_label=\u00bberizos\u00bb _builder_version=\u00bb4.16&#8243; width=\u00bb93%\u00bb global_colors_info=\u00bb{}\u00bb][\/et_pb_image][et_pb_text _builder_version=\u00bb4.16&#8243; text_font=\u00bbHandlee||||||||\u00bb text_text_color=\u00bb#000000&#8243; text_font_size=\u00bb30px\u00bb custom_margin=\u00bb-1px|||||\u00bb global_colors_info=\u00bb{}\u00bb]<\/p>\n<p style=\"text-align: center;\">Freyja<\/p>\n<p>[\/et_pb_text][\/et_pb_column][et_pb_column type=\u00bb1_2&#8243; _builder_version=\u00bb4.16&#8243; custom_padding=\u00bb|||\u00bb global_colors_info=\u00bb{}\u00bb custom_padding__hover=\u00bb|||\u00bb][et_pb_image src=\u00bbhttps:\/\/elpuntual.com\/wp-content\/uploads\/2019\/02\/IMG_9533.jpg\u00bb url=\u00bbhttp:\/\/elpuntual.com\/index.php\/311-2\/\u00bb align=\u00bbcenter\u00bb align_tablet=\u00bbcenter\u00bb align_phone=\u00bb\u00bb align_last_edited=\u00bbon|desktop\u00bb admin_label=\u00bbguacamayo\u00bb _builder_version=\u00bb4.16&#8243; global_colors_info=\u00bb{}\u00bb][\/et_pb_image][et_pb_text _builder_version=\u00bb4.16&#8243; text_font=\u00bbHandlee||||||||\u00bb text_text_color=\u00bb#8300E9&#8243; text_font_size=\u00bb30px\u00bb global_colors_info=\u00bb{}\u00bb]<\/p>\n<p style=\"text-align: center;\">Zeus y Atenea<\/p>\n<p>[\/et_pb_text][\/et_pb_column][\/et_pb_row][et_pb_row column_structure=\u00bb1_4,1_4,1_4,1_4&#8243; _builder_version=\u00bb4.16&#8243; global_colors_info=\u00bb{}\u00bb][et_pb_column type=\u00bb1_4&#8243; _builder_version=\u00bb4.16&#8243; custom_padding=\u00bb|||\u00bb global_colors_info=\u00bb{}\u00bb custom_padding__hover=\u00bb|||\u00bb][et_pb_text _builder_version=\u00bb4.16&#8243; text_font=\u00bbHandlee||||||||\u00bb text_text_color=\u00bb#ff3700&#8243; text_font_size=\u00bb24px\u00bb global_colors_info=\u00bb{}\u00bb]<\/p>\n<p style=\"text-align: center;\"><img loading=\"lazy\" decoding=\"async\" src=\"https:\/\/elpuntual.com\/wp-content\/uploads\/2022\/02\/20220223_155420-150x150.jpg\" width=\"150\" height=\"150\" alt=\"\" class=\"wp-image-856 alignnone size-thumbnail\" \/><\/p>\n<p style=\"text-align: center;\">Draco<\/p>\n<p>[\/et_pb_text][\/et_pb_column][et_pb_column type=\u00bb1_4&#8243; _builder_version=\u00bb4.16&#8243; custom_padding=\u00bb|||\u00bb global_colors_info=\u00bb{}\u00bb custom_padding__hover=\u00bb|||\u00bb][et_pb_text _builder_version=\u00bb4.16&#8243; text_font=\u00bbHandlee||||||||\u00bb text_text_color=\u00bb#0C71C3&#8243; text_font_size=\u00bb24px\u00bb global_colors_info=\u00bb{}\u00bb]<\/p>\n<p style=\"text-align: center;\"><img loading=\"lazy\" decoding=\"async\" src=\"https:\/\/elpuntual.com\/wp-content\/uploads\/2022\/05\/1651523004456-1024x461.jpg\" width=\"1024\" height=\"461\" alt=\"\" class=\"wp-image-881 alignnone size-large\" srcset=\"https:\/\/elpuntual.com\/wp-content\/uploads\/2022\/05\/1651523004456-980x441.jpg 980w, https:\/\/elpuntual.com\/wp-content\/uploads\/2022\/05\/1651523004456-480x216.jpg 480w\" sizes=\"(min-width: 0px) and (max-width: 480px) 480px, (min-width: 481px) and (max-width: 980px) 980px, (min-width: 981px) 1024px, 100vw\" \/><\/p>\n<p style=\"text-align: center;\">\u00a0Ares<\/p>\n<p>[\/et_pb_text][\/et_pb_column][et_pb_column type=\u00bb1_4&#8243; _builder_version=\u00bb4.16&#8243; custom_padding=\u00bb|||\u00bb global_colors_info=\u00bb{}\u00bb custom_padding__hover=\u00bb|||\u00bb][et_pb_text _builder_version=\u00bb4.27.4&#8243; text_font=\u00bbHandlee||||||||\u00bb text_text_color=\u00bb#E02B20&#8243; text_font_size=\u00bb24px\u00bb hover_enabled=\u00bb0&#8243; global_colors_info=\u00bb{}\u00bb sticky_enabled=\u00bb0&#8243;]<\/p>\n<p style=\"text-align: center;\"><img loading=\"lazy\" decoding=\"async\" src=\"https:\/\/elpuntual.com\/wp-content\/uploads\/2025\/04\/1744564960788-1024x769.jpg\" width=\"1024\" height=\"769\" alt=\"\" class=\"wp-image-1237 alignnone size-large\" srcset=\"https:\/\/elpuntual.com\/wp-content\/uploads\/2025\/04\/1744564960788-980x736.jpg 980w, https:\/\/elpuntual.com\/wp-content\/uploads\/2025\/04\/1744564960788-480x360.jpg 480w\" sizes=\"(min-width: 0px) and (max-width: 480px) 480px, (min-width: 481px) and (max-width: 980px) 980px, (min-width: 981px) 1024px, 100vw\" \/><\/p>\n<p style=\"text-align: center;\">Kaos<\/p>\n<p>[\/et_pb_text][\/et_pb_column][et_pb_column type=\u00bb1_4&#8243; _builder_version=\u00bb4.16&#8243; custom_padding=\u00bb|||\u00bb global_colors_info=\u00bb{}\u00bb custom_padding__hover=\u00bb|||\u00bb][et_pb_text _builder_version=\u00bb4.16&#8243; text_font=\u00bbHandlee||||||||\u00bb text_text_color=\u00bb#000000&#8243; text_font_size=\u00bb24px\u00bb global_colors_info=\u00bb{}\u00bb]<\/p>\n<p style=\"text-align: center;\"><img loading=\"lazy\" decoding=\"async\" src=\"https:\/\/elpuntual.com\/wp-content\/uploads\/2021\/01\/20200311_092942-150x150.jpg\" width=\"150\" height=\"150\" alt=\"\" class=\"wp-image-729 alignnone size-thumbnail\" \/><\/p>\n<p style=\"text-align: center;\">Bicho<\/p>\n<p>[\/et_pb_text][\/et_pb_column][\/et_pb_row][et_pb_row column_structure=\u00bb1_5,1_5,1_5,1_5,1_5&#8243; _builder_version=\u00bb4.16&#8243; background_size=\u00bbinitial\u00bb background_position=\u00bbtop_left\u00bb background_repeat=\u00bbrepeat\u00bb global_colors_info=\u00bb{}\u00bb][et_pb_column type=\u00bb1_5&#8243; _builder_version=\u00bb4.16&#8243; custom_padding=\u00bb|||\u00bb global_colors_info=\u00bb{}\u00bb custom_padding__hover=\u00bb|||\u00bb][et_pb_text _builder_version=\u00bb4.16&#8243; text_font=\u00bbHandlee||||||||\u00bb text_text_color=\u00bb#000035&#8243; text_font_size=\u00bb24px\u00bb global_colors_info=\u00bb{}\u00bb]<\/p>\n<p style=\"text-align: center;\"><img loading=\"lazy\" decoding=\"async\" src=\"https:\/\/elpuntual.com\/wp-content\/uploads\/2021\/01\/20200926_004151-150x150.jpg\" width=\"150\" height=\"150\" alt=\"\" class=\"wp-image-712 alignnone size-thumbnail\" \/><\/p>\n<p style=\"text-align: center;\">Pim y Pam<\/p>\n<p>[\/et_pb_text][et_pb_text _builder_version=\u00bb4.16&#8243; text_font=\u00bbHandlee||||||||\u00bb text_text_color=\u00bb#fc00ef\u00bb text_font_size=\u00bb24px\u00bb global_colors_info=\u00bb{}\u00bb]<img loading=\"lazy\" decoding=\"async\" class=\"size-thumbnail wp-image-381 aligncenter\" src=\"https:\/\/elpuntual.com\/wp-content\/uploads\/2018\/02\/IMG_9332-150x150.jpg\" alt=\"\" width=\"150\" height=\"150\" \/><\/p>\n<p style=\"text-align: center;\">Praia<\/p>\n<p>[\/et_pb_text][\/et_pb_column][et_pb_column type=\u00bb1_5&#8243; _builder_version=\u00bb4.16&#8243; custom_padding=\u00bb|||\u00bb global_colors_info=\u00bb{}\u00bb custom_padding__hover=\u00bb|||\u00bb][et_pb_text _builder_version=\u00bb4.16&#8243; text_font=\u00bbHandlee||||||||\u00bb text_text_color=\u00bb#E09900&#8243; text_font_size=\u00bb24px\u00bb global_colors_info=\u00bb{}\u00bb]<\/p>\n<p style=\"text-align: center;\"><img loading=\"lazy\" decoding=\"async\" src=\"https:\/\/elpuntual.com\/wp-content\/uploads\/2021\/01\/20200420_102854-150x150.jpg\" width=\"150\" height=\"150\" alt=\"\" class=\"wp-image-720 alignnone size-thumbnail\" \/><\/p>\n<p style=\"text-align: center;\">Gallinas<\/p>\n<p>[\/et_pb_text][et_pb_text _builder_version=\u00bb4.16&#8243; text_font=\u00bbHandlee||||||||\u00bb text_text_color=\u00bb#050659&#8243; text_font_size=\u00bb24px\u00bb global_colors_info=\u00bb{}\u00bb]<\/p>\n<p style=\"text-align: center;\"><img loading=\"lazy\" decoding=\"async\" class=\"size-thumbnail wp-image-354 aligncenter\" src=\"https:\/\/elpuntual.com\/wp-content\/uploads\/2018\/01\/IMG_9416-150x150.jpg\" alt=\"\" width=\"150\" height=\"150\" \/><\/p>\n<p style=\"text-align: center;\">Speedy<\/p>\n<p>[\/et_pb_text][\/et_pb_column][et_pb_column type=\u00bb1_5&#8243; _builder_version=\u00bb4.16&#8243; custom_padding=\u00bb|||\u00bb global_colors_info=\u00bb{}\u00bb custom_padding__hover=\u00bb|||\u00bb][et_pb_text _builder_version=\u00bb4.16&#8243; text_font=\u00bbHandlee||||||||\u00bb text_text_color=\u00bb#8300E9&#8243; text_font_size=\u00bb24px\u00bb global_colors_info=\u00bb{}\u00bb]<\/p>\n<p style=\"text-align: center;\"><img loading=\"lazy\" decoding=\"async\" src=\"https:\/\/elpuntual.com\/wp-content\/uploads\/2021\/01\/20210126_174550-150x150.jpg\" width=\"150\" height=\"150\" alt=\"\" class=\"wp-image-730 alignnone size-thumbnail\" \/><\/p>\n<p style=\"text-align: center;\">Patty y Selma<\/p>\n<p>[\/et_pb_text][et_pb_text _builder_version=\u00bb4.27.4&#8243; text_font=\u00bbHandlee||||||||\u00bb text_text_color=\u00bb#000000&#8243; text_font_size=\u00bb25px\u00bb background_layout=\u00bbdark\u00bb hover_enabled=\u00bb0&#8243; global_colors_info=\u00bb{}\u00bb sticky_enabled=\u00bb0&#8243;]<\/p>\n<p style=\"text-align: center;\"><img loading=\"lazy\" decoding=\"async\" src=\"https:\/\/elpuntual.com\/wp-content\/uploads\/2025\/04\/1744572928668-769x1024.jpg\" width=\"769\" height=\"1024\" alt=\"\" class=\"wp-image-1242 alignnone size-large\" \/><\/p>\n<p style=\"text-align: center;\">Cronos<\/p>\n<p>[\/et_pb_text][\/et_pb_column][et_pb_column type=\u00bb1_5&#8243; _builder_version=\u00bb4.16&#8243; custom_padding=\u00bb|||\u00bb global_colors_info=\u00bb{}\u00bb custom_padding__hover=\u00bb|||\u00bb][et_pb_text _builder_version=\u00bb4.27.4&#8243; text_font=\u00bbHandlee||||||||\u00bb text_text_color=\u00bb#e00d02&#8243; text_font_size=\u00bb24px\u00bb hover_enabled=\u00bb0&#8243; global_colors_info=\u00bb{}\u00bb sticky_enabled=\u00bb0&#8243;]<\/p>\n<p style=\"text-align: center;\"><img loading=\"lazy\" decoding=\"async\" src=\"https:\/\/elpuntual.com\/wp-content\/uploads\/2025\/04\/1744564960795-1024x769.jpg\" width=\"1024\" height=\"769\" alt=\"\" class=\"wp-image-1238 alignnone size-large\" srcset=\"https:\/\/elpuntual.com\/wp-content\/uploads\/2025\/04\/1744564960795-980x736.jpg 980w, https:\/\/elpuntual.com\/wp-content\/uploads\/2025\/04\/1744564960795-480x360.jpg 480w\" sizes=\"(min-width: 0px) and (max-width: 480px) 480px, (min-width: 481px) and (max-width: 980px) 980px, (min-width: 981px) 1024px, 100vw\" \/><\/p>\n<p style=\"text-align: center;\">Darna<\/p>\n<p>[\/et_pb_text][et_pb_text _builder_version=\u00bb4.16&#8243; text_font=\u00bbHandlee||||||||\u00bb text_text_color=\u00bb#7c2500&#8243; text_font_size=\u00bb24px\u00bb global_colors_info=\u00bb{}\u00bb]<\/p>\n<p style=\"text-align: center;\"><img loading=\"lazy\" decoding=\"async\" src=\"https:\/\/elpuntual.com\/wp-content\/uploads\/2022\/02\/1646083718345-150x150.jpg\" width=\"150\" height=\"150\" alt=\"\" class=\"wp-image-860 alignnone size-thumbnail\" \/><\/p>\n<p style=\"text-align: center;\">Sombra<\/p>\n<p>[\/et_pb_text][et_pb_text _builder_version=\u00bb4.16&#8243; text_font=\u00bbHandlee||||||||\u00bb text_text_color=\u00bb#7c2500&#8243; text_font_size=\u00bb24px\u00bb global_colors_info=\u00bb{}\u00bb][\/et_pb_text][\/et_pb_column][et_pb_column type=\u00bb1_5&#8243; _builder_version=\u00bb4.16&#8243; custom_padding=\u00bb|||\u00bb global_colors_info=\u00bb{}\u00bb custom_padding__hover=\u00bb|||\u00bb][et_pb_text _builder_version=\u00bb4.27.4&#8243; text_font=\u00bbHandlee||||||||\u00bb text_text_color=\u00bb#560c17&#8243; text_font_size=\u00bb24px\u00bb hover_enabled=\u00bb0&#8243; global_colors_info=\u00bb{}\u00bb sticky_enabled=\u00bb0&#8243;]<\/p>\n<p><img loading=\"lazy\" decoding=\"async\" src=\"https:\/\/elpuntual.com\/wp-content\/uploads\/2025\/04\/1744572928663-769x1024.jpg\" width=\"769\" height=\"1024\" alt=\"\" class=\"wp-image-1241 alignnone size-large\" \/><\/p>\n<p style=\"text-align: center;\">Gaia<\/p>\n<p>[\/et_pb_text][et_pb_text admin_label=\u00bbisi\u00bb _builder_version=\u00bb4.16&#8243; text_font=\u00bbHandlee||||||||\u00bb text_text_color=\u00bb#080a8c\u00bb text_font_size=\u00bb24px\u00bb global_colors_info=\u00bb{}\u00bb]<\/p>\n<p style=\"text-align: center;\"><img loading=\"lazy\" decoding=\"async\" src=\"https:\/\/elpuntual.com\/wp-content\/uploads\/2020\/05\/20191207_180112-150x150.jpg\" width=\"150\" height=\"150\" alt=\"\" class=\"wp-image-693 alignnone size-thumbnail\" \/><\/p>\n<p style=\"text-align: center;\">Ob\u00fas<\/p>\n<p>[\/et_pb_text][\/et_pb_column][\/et_pb_row][\/et_pb_section]<\/p>\n","protected":false},"excerpt":{"rendered":"<p>NUESTROS ANIMALES En la misma finca tenemos una zona muy especial donde entraras en contacto con diversos animales tanto de granja como ex\u00f3ticos, podr\u00e1s dar de comer a cabras ,gallinas ,burros pero tamb\u00eden a guacamayos ,iguana&#8230;, podr\u00e1s tocar petauros del azucar,\u00a0 una tortuga, &#8230;. el limite lo pones tu.FreyjaZeus y Atenea Draco \u00a0Ares Kaos Bicho [&hellip;]<\/p>\n","protected":false},"author":1,"featured_media":0,"parent":0,"menu_order":0,"comment_status":"closed","ping_status":"closed","template":"","meta":{"_et_pb_use_builder":"on","_et_pb_old_content":"<p>Nuestros mini zoo<\/p>","_et_gb_content_width":"","footnotes":""},"class_list":["post-55","page","type-page","status-publish","hentry"],"_links":{"self":[{"href":"https:\/\/elpuntual.com\/index.php\/wp-json\/wp\/v2\/pages\/55","targetHints":{"allow":["GET"]}}],"collection":[{"href":"https:\/\/elpuntual.com\/index.php\/wp-json\/wp\/v2\/pages"}],"about":[{"href":"https:\/\/elpuntual.com\/index.php\/wp-json\/wp\/v2\/types\/page"}],"author":[{"embeddable":true,"href":"https:\/\/elpuntual.com\/index.php\/wp-json\/wp\/v2\/users\/1"}],"replies":[{"embeddable":true,"href":"https:\/\/elpuntual.com\/index.php\/wp-json\/wp\/v2\/comments?post=55"}],"version-history":[{"count":60,"href":"https:\/\/elpuntual.com\/index.php\/wp-json\/wp\/v2\/pages\/55\/revisions"}],"predecessor-version":[{"id":1244,"href":"https:\/\/elpuntual.com\/index.php\/wp-json\/wp\/v2\/pages\/55\/revisions\/1244"}],"wp:attachment":[{"href":"https:\/\/elpuntual.com\/index.php\/wp-json\/wp\/v2\/media?parent=55"}],"curies":[{"name":"wp","href":"https:\/\/api.w.org\/{rel}","templated":true}]}}