{"id":87,"date":"2018-01-17T11:59:01","date_gmt":"2018-01-17T11:59:01","guid":{"rendered":"http:\/\/elpuntual.com\/?page_id=87"},"modified":"2022-05-02T21:23:34","modified_gmt":"2022-05-02T21:23:34","slug":"nuestros-clientes-opinan","status":"publish","type":"page","link":"https:\/\/elpuntual.com\/index.php\/nuestros-clientes-opinan\/","title":{"rendered":"Nuestros clientes opinan"},"content":{"rendered":"<p>[et_pb_section fb_built=\u00bb1&#8243; _builder_version=\u00bb3.22&#8243; background_image=\u00bbhttp:\/\/elpuntual.com\/wp-content\/uploads\/2018\/01\/paisaje2.jpg\u00bb global_colors_info=\u00bb{}\u00bb][et_pb_row _builder_version=\u00bb3.25&#8243; background_size=\u00bbinitial\u00bb background_position=\u00bbtop_left\u00bb background_repeat=\u00bbrepeat\u00bb global_colors_info=\u00bb{}\u00bb][et_pb_column type=\u00bb4_4&#8243; _builder_version=\u00bb3.25&#8243; custom_padding=\u00bb|||\u00bb global_colors_info=\u00bb{}\u00bb custom_padding__hover=\u00bb|||\u00bb][et_pb_text _builder_version=\u00bb3.27.4&#8243; text_text_color=\u00bb#ffffff\u00bb text_font_size=\u00bb36px\u00bb background_layout=\u00bbdark\u00bb text_text_shadow_style=\u00bbpreset1&#8243; global_colors_info=\u00bb{}\u00bb]<\/p>\n<p style=\"text-align: center;\">Nuestros clientes opinan<\/p>\n<p>[\/et_pb_text][\/et_pb_column][\/et_pb_row][et_pb_row column_structure=\u00bb1_4,1_4,1_4,1_4&#8243; _builder_version=\u00bb4.14.4&#8243; background_size=\u00bbinitial\u00bb background_position=\u00bbtop_left\u00bb background_repeat=\u00bbrepeat\u00bb hover_enabled=\u00bb0&#8243; global_colors_info=\u00bb{}\u00bb sticky_enabled=\u00bb0&#8243;][et_pb_column type=\u00bb1_4&#8243; _builder_version=\u00bb3.25&#8243; custom_padding=\u00bb|||\u00bb global_colors_info=\u00bb{}\u00bb custom_padding__hover=\u00bb|||\u00bb][et_pb_testimonial author=\u00bbIv\u00e1n Fern\u00e1ndez \u00bb _builder_version=\u00bb4.14.4&#8243; global_colors_info=\u00bb{}\u00bb]<\/p>\n<p>\u00abEstuve en el albergue con unos amigos y repetimos seguro. Aparte de estar muy bien situado para visitar tanto la monta\u00f1a como la playa, el tiempo que pasamos en las instalaciones fue genial.\u00bb<\/p>\n<p>[\/et_pb_testimonial][\/et_pb_column][et_pb_column type=\u00bb1_4&#8243; _builder_version=\u00bb3.25&#8243; custom_padding=\u00bb|||\u00bb global_colors_info=\u00bb{}\u00bb custom_padding__hover=\u00bb|||\u00bb][et_pb_testimonial author=\u00bbMiriam Regul\u00f3n\u00bb _builder_version=\u00bb4.14.4&#8243; hover_enabled=\u00bb0&#8243; global_colors_info=\u00bb{}\u00bb sticky_enabled=\u00bb0&#8243;]<\/p>\n<p><span>Hemos pasado 3 noches en El Puntual y venimos encantad\u00edsimos. El apartamento es acogedor, muy bonito, limpio y tiene todo lo que necesitas para tu estancia en familia.<\/span><br aria-hidden=\"true\" \/><span>Est\u00e1 en una zona muy tranquila, perfecta para relajarte y desconectar, pero muy cerca de lugares a visitar (Cangas, Ribadesella, Mirador del Fitu&#8230;).<\/span><br aria-hidden=\"true\" \/><span>Los due\u00f1os, Fran y Saray, son maravillosos, nos han hecho sentir como en casa. No nos hemos sentido hu\u00e9spedes, sino como si fu\u00e9ramos a visitar a unos amigos, y desde luego que no hubi\u00e9ramos disfrutado tanto de nuestro viaje sin ellos.<\/span><br aria-hidden=\"true\" \/><span>Nuestros hijos han venido encantados, por el lugar, por los animales y por el cari\u00f1o con el que los han tratado Saray y Fran.<\/span><br aria-hidden=\"true\" \/><span>Si buscas tranquilidad, desconexi\u00f3n, naturaleza y buena gente, es tu sitio. Nosotros volveremos.<\/span><\/p>\n<p>[\/et_pb_testimonial][\/et_pb_column][et_pb_column type=\u00bb1_4&#8243; _builder_version=\u00bb4.14.4&#8243; custom_padding=\u00bb|||\u00bb hover_enabled=\u00bb0&#8243; global_colors_info=\u00bb{}\u00bb custom_padding__hover=\u00bb|||\u00bb sticky_enabled=\u00bb0&#8243;][et_pb_testimonial author=\u00bbI\u00d1IGO.E\u00bb _builder_version=\u00bb4.14.4&#8243; hover_enabled=\u00bb0&#8243; global_colors_info=\u00bb{}\u00bb sticky_enabled=\u00bb0&#8243; locked=\u00bboff\u00bb]<\/p>\n<p><span>Fran estuvo dispuesto a ayudarnos en todo lo que necesit\u00e1ramos. El piso est\u00e1 muy bien ubicado en Arriondas. No dudar\u00edamos en volver a cogerlo si volvemos.<\/span><\/p>\n<p>[\/et_pb_testimonial][\/et_pb_column][et_pb_column type=\u00bb1_4&#8243; _builder_version=\u00bb3.25&#8243; custom_padding=\u00bb|||\u00bb global_colors_info=\u00bb{}\u00bb custom_padding__hover=\u00bb|||\u00bb][et_pb_contact_form email=\u00bbpuntualderomillo@hotmail.es\u00bb title=\u00bbEnv\u00edanos tu opini\u00f3n \u00bb use_redirect=\u00bbon\u00bb redirect_url=\u00bbpuntualderomillo@hotmail.com\u00bb success_message=\u00bbMuchas gracias por enviarnos tu opini\u00f3n.\u00bb submit_button_text=\u00bbMi estancia en El Puntual\u00bb _builder_version=\u00bb4.13.1&#8243; _unique_id=\u00bb9e9c5c76-a71a-4b94-8cad-42a50b82fc0c\u00bb title_text_color=\u00bb#ffffff\u00bb background_color=\u00bb#005642&#8243; text_orientation=\u00bbleft\u00bb custom_margin=\u00bb5px|5px|5px|5px\u00bb custom_padding=\u00bb5px|5px|5px|5px\u00bb title_text_shadow_style=\u00bbpreset1&#8243; border_radii=\u00bb|3px|3px|3px|3px\u00bb global_colors_info=\u00bb{}\u00bb][et_pb_contact_field field_id=\u00bbName\u00bb field_title=\u00bbNombre\u00bb _builder_version=\u00bb3.16&#8243; global_colors_info=\u00bb{}\u00bb button_text_size__hover_enabled=\u00bboff\u00bb button_one_text_size__hover_enabled=\u00bboff\u00bb button_two_text_size__hover_enabled=\u00bboff\u00bb button_text_color__hover_enabled=\u00bboff\u00bb button_one_text_color__hover_enabled=\u00bboff\u00bb button_two_text_color__hover_enabled=\u00bboff\u00bb button_border_width__hover_enabled=\u00bboff\u00bb button_one_border_width__hover_enabled=\u00bboff\u00bb button_two_border_width__hover_enabled=\u00bboff\u00bb button_border_color__hover_enabled=\u00bboff\u00bb button_one_border_color__hover_enabled=\u00bboff\u00bb button_two_border_color__hover_enabled=\u00bboff\u00bb button_border_radius__hover_enabled=\u00bboff\u00bb button_one_border_radius__hover_enabled=\u00bboff\u00bb button_two_border_radius__hover_enabled=\u00bboff\u00bb button_letter_spacing__hover_enabled=\u00bboff\u00bb button_one_letter_spacing__hover_enabled=\u00bboff\u00bb button_two_letter_spacing__hover_enabled=\u00bboff\u00bb button_bg_color__hover_enabled=\u00bboff\u00bb button_one_bg_color__hover_enabled=\u00bboff\u00bb button_two_bg_color__hover_enabled=\u00bboff\u00bb][\/et_pb_contact_field][et_pb_contact_field field_id=\u00bbEmail\u00bb field_title=\u00bbDirecci\u00f3n de correo electr\u00f3nico\u00bb field_type=\u00bbemail\u00bb _builder_version=\u00bb3.16&#8243; global_colors_info=\u00bb{}\u00bb button_text_size__hover_enabled=\u00bboff\u00bb button_one_text_size__hover_enabled=\u00bboff\u00bb button_two_text_size__hover_enabled=\u00bboff\u00bb button_text_color__hover_enabled=\u00bboff\u00bb button_one_text_color__hover_enabled=\u00bboff\u00bb button_two_text_color__hover_enabled=\u00bboff\u00bb button_border_width__hover_enabled=\u00bboff\u00bb button_one_border_width__hover_enabled=\u00bboff\u00bb button_two_border_width__hover_enabled=\u00bboff\u00bb button_border_color__hover_enabled=\u00bboff\u00bb button_one_border_color__hover_enabled=\u00bboff\u00bb button_two_border_color__hover_enabled=\u00bboff\u00bb button_border_radius__hover_enabled=\u00bboff\u00bb button_one_border_radius__hover_enabled=\u00bboff\u00bb button_two_border_radius__hover_enabled=\u00bboff\u00bb button_letter_spacing__hover_enabled=\u00bboff\u00bb button_one_letter_spacing__hover_enabled=\u00bboff\u00bb button_two_letter_spacing__hover_enabled=\u00bboff\u00bb button_bg_color__hover_enabled=\u00bboff\u00bb button_one_bg_color__hover_enabled=\u00bboff\u00bb button_two_bg_color__hover_enabled=\u00bboff\u00bb][\/et_pb_contact_field][et_pb_contact_field field_id=\u00bbMessage\u00bb field_title=\u00bbMensaje\u00bb field_type=\u00bbtext\u00bb fullwidth_field=\u00bbon\u00bb _builder_version=\u00bb3.16&#8243; global_colors_info=\u00bb{}\u00bb button_text_size__hover_enabled=\u00bboff\u00bb button_one_text_size__hover_enabled=\u00bboff\u00bb button_two_text_size__hover_enabled=\u00bboff\u00bb button_text_color__hover_enabled=\u00bboff\u00bb button_one_text_color__hover_enabled=\u00bboff\u00bb button_two_text_color__hover_enabled=\u00bboff\u00bb button_border_width__hover_enabled=\u00bboff\u00bb button_one_border_width__hover_enabled=\u00bboff\u00bb button_two_border_width__hover_enabled=\u00bboff\u00bb button_border_color__hover_enabled=\u00bboff\u00bb button_one_border_color__hover_enabled=\u00bboff\u00bb button_two_border_color__hover_enabled=\u00bboff\u00bb button_border_radius__hover_enabled=\u00bboff\u00bb button_one_border_radius__hover_enabled=\u00bboff\u00bb button_two_border_radius__hover_enabled=\u00bboff\u00bb button_letter_spacing__hover_enabled=\u00bboff\u00bb button_one_letter_spacing__hover_enabled=\u00bboff\u00bb button_two_letter_spacing__hover_enabled=\u00bboff\u00bb button_bg_color__hover_enabled=\u00bboff\u00bb button_one_bg_color__hover_enabled=\u00bboff\u00bb button_two_bg_color__hover_enabled=\u00bboff\u00bb][\/et_pb_contact_field][\/et_pb_contact_form][\/et_pb_column][\/et_pb_row][\/et_pb_section]<\/p>\n","protected":false},"excerpt":{"rendered":"<p>Nuestros clientes opinan \u00abEstuve en el albergue con unos amigos y repetimos seguro. Aparte de estar muy bien situado para visitar tanto la monta\u00f1a como la playa, el tiempo que pasamos en las instalaciones fue genial.\u00bbHemos pasado 3 noches en El Puntual y venimos encantad\u00edsimos. El apartamento es acogedor, muy bonito, limpio y tiene todo [&hellip;]<\/p>\n","protected":false},"author":1,"featured_media":0,"parent":0,"menu_order":0,"comment_status":"closed","ping_status":"closed","template":"","meta":{"_et_pb_use_builder":"on","_et_pb_old_content":"<p>[et_pb_section bb_built=\"1\"][et_pb_row][\/et_pb_row][\/et_pb_section]<\/p>","_et_gb_content_width":"","footnotes":""},"class_list":["post-87","page","type-page","status-publish","hentry"],"_links":{"self":[{"href":"https:\/\/elpuntual.com\/index.php\/wp-json\/wp\/v2\/pages\/87","targetHints":{"allow":["GET"]}}],"collection":[{"href":"https:\/\/elpuntual.com\/index.php\/wp-json\/wp\/v2\/pages"}],"about":[{"href":"https:\/\/elpuntual.com\/index.php\/wp-json\/wp\/v2\/types\/page"}],"author":[{"embeddable":true,"href":"https:\/\/elpuntual.com\/index.php\/wp-json\/wp\/v2\/users\/1"}],"replies":[{"embeddable":true,"href":"https:\/\/elpuntual.com\/index.php\/wp-json\/wp\/v2\/comments?post=87"}],"version-history":[{"count":8,"href":"https:\/\/elpuntual.com\/index.php\/wp-json\/wp\/v2\/pages\/87\/revisions"}],"predecessor-version":[{"id":898,"href":"https:\/\/elpuntual.com\/index.php\/wp-json\/wp\/v2\/pages\/87\/revisions\/898"}],"wp:attachment":[{"href":"https:\/\/elpuntual.com\/index.php\/wp-json\/wp\/v2\/media?parent=87"}],"curies":[{"name":"wp","href":"https:\/\/api.w.org\/{rel}","templated":true}]}}